{"id":789,"date":"2026-04-08T12:21:13","date_gmt":"2026-04-08T18:21:13","guid":{"rendered":"https:\/\/remyandperez.com\/?page_id=789"},"modified":"2026-04-08T12:21:14","modified_gmt":"2026-04-08T18:21:14","slug":"shipping-returns","status":"publish","type":"page","link":"https:\/\/remyandperez.com\/fr\/shipping-returns\/","title":{"rendered":"Livraison et Retours"},"content":{"rendered":"<div class=\"wp-block-stackable-heading stk-block-heading stk-block-heading--v2 stk-block stk-752f9db\" id=\"shipping-and-returns\" data-block-id=\"752f9db\"><h2 class=\"stk-block-heading__text has-text-align-center\">Livraison et Retours<\/h2><\/div>\n\n\n\n<p class=\"has-text-align-center\"><strong>Livraison et Exp\u00e9dition<\/strong> Chaque pi\u00e8ce Remy &amp; Perez est fabriqu\u00e9e \u00e0 la main au Mexique et exp\u00e9di\u00e9e dans le monde entier avec le plus grand soin. Nous faisons appel \u00e0 des transporteurs premium pour garantir que vos bijoux en opale de feu arrivent en toute s\u00e9curit\u00e9 \u00e0 votre porte.<\/p>\n\n\n\n<p class=\"has-text-align-center\"><strong>Commandes Internationales (France &amp; UE):<\/strong> Veuillez noter que pour les commandes livr\u00e9es en France et dans l'Union Europ\u00e9enne, la TVA (20 % pour la France) et les \u00e9ventuels droits de douane ne sont pas collect\u00e9s lors du paiement. Ces frais sont d\u00e9termin\u00e9s par vos autorit\u00e9s douani\u00e8res locales et seront per\u00e7us par le transporteur au moment de la livraison. Nous croyons en une transparence totale pour garantir que votre exp\u00e9rience soit aussi fluide que le feu de nos opales.<\/p>\n\n\n\n<p class=\"has-text-align-center\"><strong>Retours et \u00c9changes :<\/strong> Nos pi\u00e8ces \u00e9tant uniques et artisanales, nous acceptons les retours dans un d\u00e9lai de 14 jours suivant la livraison, \u00e0 condition que le bijou soit dans son \u00e9tat d'origine, non port\u00e9, et dans son emballage complet. Veuillez contacter notre conciergerie pour toute assistance concernant votre retour.<\/p>\n\n\n\n<p><\/p>","protected":false},"excerpt":{"rendered":"<p>Shipping and Returns Shipping &amp; Delivery Each Remy &amp; Perez piece is handcrafted in Mexico and shipped globally with the utmost care. We use premium carriers to ensure your fire opal jewelry arrives safely at your doorstep. International Orders (France &amp; EU): Please note that for orders delivered to France and the European Union, VAT [&hellip;]<\/p>\n","protected":false},"author":1,"featured_media":0,"parent":0,"menu_order":0,"comment_status":"closed","ping_status":"closed","template":"","meta":{"footnotes":""},"class_list":["post-789","page","type-page","status-publish","hentry"],"blocksy_meta":[],"_hostinger_reach_plugin_has_subscription_block":false,"_hostinger_reach_plugin_is_elementor":false,"_links":{"self":[{"href":"https:\/\/remyandperez.com\/fr\/wp-json\/wp\/v2\/pages\/789","targetHints":{"allow":["GET"]}}],"collection":[{"href":"https:\/\/remyandperez.com\/fr\/wp-json\/wp\/v2\/pages"}],"about":[{"href":"https:\/\/remyandperez.com\/fr\/wp-json\/wp\/v2\/types\/page"}],"author":[{"embeddable":true,"href":"https:\/\/remyandperez.com\/fr\/wp-json\/wp\/v2\/users\/1"}],"replies":[{"embeddable":true,"href":"https:\/\/remyandperez.com\/fr\/wp-json\/wp\/v2\/comments?post=789"}],"version-history":[{"count":1,"href":"https:\/\/remyandperez.com\/fr\/wp-json\/wp\/v2\/pages\/789\/revisions"}],"predecessor-version":[{"id":791,"href":"https:\/\/remyandperez.com\/fr\/wp-json\/wp\/v2\/pages\/789\/revisions\/791"}],"wp:attachment":[{"href":"https:\/\/remyandperez.com\/fr\/wp-json\/wp\/v2\/media?parent=789"}],"curies":[{"name":"wp","href":"https:\/\/api.w.org\/{rel}","templated":true}]}}